{"id":2828,"date":"2025-06-27T13:44:59","date_gmt":"2025-06-27T11:44:59","guid":{"rendered":"https:\/\/theatredufil.fr\/?page_id=2828"},"modified":"2025-06-27T14:05:32","modified_gmt":"2025-06-27T12:05:32","slug":"spectacles-pour-enfants","status":"publish","type":"page","link":"https:\/\/theatredufil.fr\/index.php\/spectacles-pour-enfants\/","title":{"rendered":"spectacles pour enfants"},"content":{"rendered":"\n<p class=\"has-text-align-center\">Conte d\u2019\u00e9t\u00e9 et conte d\u2019hiver o\u00f9 \u00ab\u00a0<mark style=\"background-color:rgba(0, 0, 0, 0)\" class=\"has-inline-color has-bg-3-color\">la nature sauvage ne joue pas selon les r\u00e8gles ordinaires<\/mark>\u00ab\u00a0\u2026<\/p>\n\n\n\n<p class=\"has-text-align-center\">Des spectacles interactif, pour enfants, ou pour ceux qui veulent encore croire que la magie, l\u2019espoir, la tol\u00e9rance, et l\u2019amour.<\/p>\n\n\n\n<div style=\"height:20px\" aria-hidden=\"true\" class=\"wp-block-spacer\"><\/div>\n\n\n\n<div class=\"wp-block-media-text has-media-on-the-right is-stacked-on-mobile is-image-fill-element has-border-color has-bg-3-border-color\" style=\"border-width:28px;grid-template-columns:auto 35%\"><div class=\"wp-block-media-text__content\">\n<h2 class=\"wp-block-heading\"><strong><mark style=\"background-color:rgba(0, 0, 0, 0)\" class=\"has-inline-color has-bg-3-color\">LA LUEUR DE LA PETITE OURSE<\/mark><\/strong><\/h2>\n\n\n\n<p><mark style=\"background-color:rgba(0, 0, 0, 0)\" class=\"has-inline-color has-bg-3-color\">Cr\u00e9ation originale du Th\u00e9\u00e2tre du Fil<\/mark><\/p>\n\n\n\n<p><strong>C<\/strong>onte d&rsquo;hiver, qu\u00eate jalonn\u00e9e de merveilleux,\u00a0 de rencontres, o\u00f9 les hommes sont souvent mi-homme, mi-animal, o\u00f9 la Constellation de la Petite Ourse se doit d\u2019\u00eatre compl\u00e8te en fin d\u2019ann\u00e9e\u2026 Tout cela pour que l\u2019\u00e9quilibre entre le monde sauvage et les humains puisse \u00eatre pr\u00e9serv\u00e9.<\/p>\n\n\n\n<div class=\"wp-block-buttons is-layout-flex wp-block-buttons-is-layout-flex\">\n<div class=\"wp-block-button\"><a class=\"wp-block-button__link wp-element-button\" href=\"https:\/\/theatredufil.fr\/index.php\/la-lueur-de-la-petite-ourse\/\">Plus d&rsquo;informations ici !<\/a><\/div>\n<\/div>\n\n\n\n<div style=\"height:20px\" aria-hidden=\"true\" class=\"wp-block-spacer\"><\/div>\n<\/div><figure class=\"wp-block-media-text__media\"><a href=\"https:\/\/theatredufil.fr\/index.php\/la-lueur-de-la-petite-ourse\/\"><img loading=\"lazy\" decoding=\"async\" width=\"1024\" height=\"1024\" src=\"http:\/\/theatredufil.fr\/wp-content\/uploads\/2023\/09\/NASHOBA-KWANITA-SAHALE-SAUK-1-1024x1024.jpg\" alt=\"\" class=\"wp-image-174 size-full\" style=\"object-position:34% 46%\" srcset=\"https:\/\/theatredufil.fr\/wp-content\/uploads\/2023\/09\/NASHOBA-KWANITA-SAHALE-SAUK-1-1024x1024.jpg 1024w, https:\/\/theatredufil.fr\/wp-content\/uploads\/2023\/09\/NASHOBA-KWANITA-SAHALE-SAUK-1-300x300.jpg 300w, https:\/\/theatredufil.fr\/wp-content\/uploads\/2023\/09\/NASHOBA-KWANITA-SAHALE-SAUK-1-150x150.jpg 150w, https:\/\/theatredufil.fr\/wp-content\/uploads\/2023\/09\/NASHOBA-KWANITA-SAHALE-SAUK-1-768x768.jpg 768w, https:\/\/theatredufil.fr\/wp-content\/uploads\/2023\/09\/NASHOBA-KWANITA-SAHALE-SAUK-1.jpg 1339w\" sizes=\"auto, (max-width: 1024px) 100vw, 1024px\" \/><\/a><\/figure><\/div>\n\n\n\n<div style=\"height:20px\" aria-hidden=\"true\" class=\"wp-block-spacer\"><\/div>\n\n\n\n<div class=\"wp-block-media-text has-media-on-the-right is-stacked-on-mobile is-image-fill-element has-border-color has-bg-3-border-color\" style=\"border-width:28px;grid-template-columns:auto 35%\"><div class=\"wp-block-media-text__content\">\n<h2 class=\"wp-block-heading\"><strong><mark style=\"background-color:rgba(0, 0, 0, 0)\" class=\"has-inline-color has-bg-3-color\">L&rsquo;ETINCELLE D&rsquo;HANOKE<\/mark><\/strong><\/h2>\n\n\n\n<p><mark style=\"background-color:rgba(0, 0, 0, 0)\" class=\"has-inline-color has-bg-3-color\">Cr\u00e9ation originale du Th\u00e9\u00e2tre du Fil<\/mark><\/p>\n\n\n\n<p>Conte d\u2019\u00e9t\u00e9 et deuxi\u00e8me volet des aventures des \u00ab\u00a0Errants\u00a0\u00bb : Nashoba, Kwanita, Ikhal partiront mener leur combat pour la r\u00e9conciliation de l\u2019homme et de la nature dans les mers de sable, \u00e0 la recherche d\u2019un \u00e9trange gar\u00e7on sans nom\u2026<\/p>\n\n\n\n<div class=\"wp-block-buttons is-layout-flex wp-block-buttons-is-layout-flex\">\n<div class=\"wp-block-button\"><a class=\"wp-block-button__link wp-element-button\" href=\"https:\/\/theatredufil.fr\/index.php\/1257-2\/\">Plus d&rsquo;informations ici !<\/a><\/div>\n<\/div>\n\n\n\n<div style=\"height:20px\" aria-hidden=\"true\" class=\"wp-block-spacer\"><\/div>\n<\/div><figure class=\"wp-block-media-text__media\"><a href=\"https:\/\/theatredufil.fr\/index.php\/1257-2\/\"><img loading=\"lazy\" decoding=\"async\" width=\"683\" height=\"1024\" src=\"http:\/\/theatredufil.fr\/wp-content\/uploads\/2024\/09\/DSC06095-683x1024.jpeg\" alt=\"\" class=\"wp-image-1512 size-full\" style=\"object-position:37% 28%\" srcset=\"https:\/\/theatredufil.fr\/wp-content\/uploads\/2024\/09\/DSC06095-683x1024.jpeg 683w, https:\/\/theatredufil.fr\/wp-content\/uploads\/2024\/09\/DSC06095-200x300.jpeg 200w, https:\/\/theatredufil.fr\/wp-content\/uploads\/2024\/09\/DSC06095-768x1152.jpeg 768w, https:\/\/theatredufil.fr\/wp-content\/uploads\/2024\/09\/DSC06095-1024x1536.jpeg 1024w, https:\/\/theatredufil.fr\/wp-content\/uploads\/2024\/09\/DSC06095-1365x2048.jpeg 1365w, https:\/\/theatredufil.fr\/wp-content\/uploads\/2024\/09\/DSC06095-scaled.jpeg 1707w\" sizes=\"auto, (max-width: 683px) 100vw, 683px\" \/><\/a><\/figure><\/div>\n\n\n\n<p><\/p>\n","protected":false},"excerpt":{"rendered":"<p>Conte d\u2019\u00e9t\u00e9 et conte d\u2019hiver o\u00f9 \u00ab\u00a0la nature sauvage ne joue pas selon les r\u00e8gles ordinaires\u00ab\u00a0\u2026 Des spectacles interactif, pour enfants, ou pour ceux qui veulent encore croire que la [&hellip;]<\/p>\n","protected":false},"author":1,"featured_media":0,"parent":0,"menu_order":0,"comment_status":"closed","ping_status":"closed","template":"","meta":{"_EventAllDay":false,"_EventTimezone":"","_EventStartDate":"","_EventEndDate":"","_EventStartDateUTC":"","_EventEndDateUTC":"","_EventShowMap":false,"_EventShowMapLink":false,"_EventURL":"","_EventCost":"","_EventCostDescription":"","_EventCurrencySymbol":"","_EventCurrencyCode":"","_EventCurrencyPosition":"","_EventDateTimeSeparator":"","_EventTimeRangeSeparator":"","_EventOrganizerID":[],"_EventVenueID":[],"_OrganizerEmail":"","_OrganizerPhone":"","_OrganizerWebsite":"","_VenueAddress":"","_VenueCity":"","_VenueCountry":"","_VenueProvince":"","_VenueState":"","_VenueZip":"","_VenuePhone":"","_VenueURL":"","_VenueStateProvince":"","_VenueLat":"","_VenueLng":"","_VenueShowMap":false,"_VenueShowMapLink":false,"footnotes":""},"class_list":["post-2828","page","type-page","status-publish","hentry"],"yoast_head":"<!-- This site is optimized with the Yoast SEO plugin v21.2 - https:\/\/yoast.com\/wordpress\/plugins\/seo\/ -->\n<title>spectacles pour enfants - Th\u00e9\u00e2tre du Fil<\/title>\n<meta name=\"robots\" content=\"index, follow, max-snippet:-1, max-image-preview:large, max-video-preview:-1\" \/>\n<link rel=\"canonical\" href=\"https:\/\/theatredufil.fr\/index.php\/spectacles-pour-enfants\/\" \/>\n<meta property=\"og:locale\" content=\"fr_FR\" \/>\n<meta property=\"og:type\" content=\"article\" \/>\n<meta property=\"og:title\" content=\"spectacles pour enfants - Th\u00e9\u00e2tre du Fil\" \/>\n<meta property=\"og:description\" content=\"Conte d\u2019\u00e9t\u00e9 et conte d\u2019hiver o\u00f9 \u00ab\u00a0la nature sauvage ne joue pas selon les r\u00e8gles ordinaires\u00ab\u00a0\u2026 Des spectacles interactif, pour enfants, ou pour ceux qui veulent encore croire que la [&hellip;]\" \/>\n<meta property=\"og:url\" content=\"https:\/\/theatredufil.fr\/index.php\/spectacles-pour-enfants\/\" \/>\n<meta property=\"og:site_name\" content=\"Th\u00e9\u00e2tre du Fil\" \/>\n<meta property=\"article:publisher\" content=\"https:\/\/www.facebook.com\/theatredufil\/?locale=fr_FR\" \/>\n<meta property=\"article:modified_time\" content=\"2025-06-27T12:05:32+00:00\" \/>\n<meta property=\"og:image\" content=\"http:\/\/theatredufil.fr\/wp-content\/uploads\/2023\/09\/NASHOBA-KWANITA-SAHALE-SAUK-1-1024x1024.jpg\" \/>\n<meta name=\"twitter:card\" content=\"summary_large_image\" \/>\n<meta name=\"twitter:label1\" content=\"Dur\u00e9e de lecture estim\u00e9e\" \/>\n\t<meta name=\"twitter:data1\" content=\"2 minutes\" \/>\n<script type=\"application\/ld+json\" class=\"yoast-schema-graph\">{\"@context\":\"https:\/\/schema.org\",\"@graph\":[{\"@type\":\"WebPage\",\"@id\":\"https:\/\/theatredufil.fr\/index.php\/spectacles-pour-enfants\/\",\"url\":\"https:\/\/theatredufil.fr\/index.php\/spectacles-pour-enfants\/\",\"name\":\"spectacles pour enfants - Th\u00e9\u00e2tre du Fil\",\"isPartOf\":{\"@id\":\"https:\/\/theatredufil.fr\/#website\"},\"datePublished\":\"2025-06-27T11:44:59+00:00\",\"dateModified\":\"2025-06-27T12:05:32+00:00\",\"breadcrumb\":{\"@id\":\"https:\/\/theatredufil.fr\/index.php\/spectacles-pour-enfants\/#breadcrumb\"},\"inLanguage\":\"fr-FR\",\"potentialAction\":[{\"@type\":\"ReadAction\",\"target\":[\"https:\/\/theatredufil.fr\/index.php\/spectacles-pour-enfants\/\"]}]},{\"@type\":\"BreadcrumbList\",\"@id\":\"https:\/\/theatredufil.fr\/index.php\/spectacles-pour-enfants\/#breadcrumb\",\"itemListElement\":[{\"@type\":\"ListItem\",\"position\":1,\"name\":\"Accueil\",\"item\":\"https:\/\/theatredufil.fr\/\"},{\"@type\":\"ListItem\",\"position\":2,\"name\":\"spectacles pour enfants\"}]},{\"@type\":\"WebSite\",\"@id\":\"https:\/\/theatredufil.fr\/#website\",\"url\":\"https:\/\/theatredufil.fr\/\",\"name\":\"Th\u00e9\u00e2tre du Fil\",\"description\":\"&quot;La marge fait partie de la page&quot;\",\"publisher\":{\"@id\":\"https:\/\/theatredufil.fr\/#organization\"},\"potentialAction\":[{\"@type\":\"SearchAction\",\"target\":{\"@type\":\"EntryPoint\",\"urlTemplate\":\"https:\/\/theatredufil.fr\/?s={search_term_string}\"},\"query-input\":\"required name=search_term_string\"}],\"inLanguage\":\"fr-FR\"},{\"@type\":\"Organization\",\"@id\":\"https:\/\/theatredufil.fr\/#organization\",\"name\":\"Th\u00e9\u00e2tre du Fil\",\"url\":\"https:\/\/theatredufil.fr\/\",\"logo\":{\"@type\":\"ImageObject\",\"inLanguage\":\"fr-FR\",\"@id\":\"https:\/\/theatredufil.fr\/#\/schema\/logo\/image\/\",\"url\":\"https:\/\/theatredufil.fr\/wp-content\/uploads\/2023\/09\/2022-TDF-PARAY-LOGO-OK.jpg\",\"contentUrl\":\"https:\/\/theatredufil.fr\/wp-content\/uploads\/2023\/09\/2022-TDF-PARAY-LOGO-OK.jpg\",\"width\":482,\"height\":364,\"caption\":\"Th\u00e9\u00e2tre du Fil\"},\"image\":{\"@id\":\"https:\/\/theatredufil.fr\/#\/schema\/logo\/image\/\"},\"sameAs\":[\"https:\/\/www.facebook.com\/theatredufil\/?locale=fr_FR\",\"https:\/\/www.instagram.com\/cietheatredufil\/\"]}]}<\/script>\n<!-- \/ Yoast SEO plugin. -->","yoast_head_json":{"title":"spectacles pour enfants - Th\u00e9\u00e2tre du Fil","robots":{"index":"index","follow":"follow","max-snippet":"max-snippet:-1","max-image-preview":"max-image-preview:large","max-video-preview":"max-video-preview:-1"},"canonical":"https:\/\/theatredufil.fr\/index.php\/spectacles-pour-enfants\/","og_locale":"fr_FR","og_type":"article","og_title":"spectacles pour enfants - Th\u00e9\u00e2tre du Fil","og_description":"Conte d\u2019\u00e9t\u00e9 et conte d\u2019hiver o\u00f9 \u00ab\u00a0la nature sauvage ne joue pas selon les r\u00e8gles ordinaires\u00ab\u00a0\u2026 Des spectacles interactif, pour enfants, ou pour ceux qui veulent encore croire que la [&hellip;]","og_url":"https:\/\/theatredufil.fr\/index.php\/spectacles-pour-enfants\/","og_site_name":"Th\u00e9\u00e2tre du Fil","article_publisher":"https:\/\/www.facebook.com\/theatredufil\/?locale=fr_FR","article_modified_time":"2025-06-27T12:05:32+00:00","og_image":[{"url":"http:\/\/theatredufil.fr\/wp-content\/uploads\/2023\/09\/NASHOBA-KWANITA-SAHALE-SAUK-1-1024x1024.jpg"}],"twitter_card":"summary_large_image","twitter_misc":{"Dur\u00e9e de lecture estim\u00e9e":"2 minutes"},"schema":{"@context":"https:\/\/schema.org","@graph":[{"@type":"WebPage","@id":"https:\/\/theatredufil.fr\/index.php\/spectacles-pour-enfants\/","url":"https:\/\/theatredufil.fr\/index.php\/spectacles-pour-enfants\/","name":"spectacles pour enfants - Th\u00e9\u00e2tre du Fil","isPartOf":{"@id":"https:\/\/theatredufil.fr\/#website"},"datePublished":"2025-06-27T11:44:59+00:00","dateModified":"2025-06-27T12:05:32+00:00","breadcrumb":{"@id":"https:\/\/theatredufil.fr\/index.php\/spectacles-pour-enfants\/#breadcrumb"},"inLanguage":"fr-FR","potentialAction":[{"@type":"ReadAction","target":["https:\/\/theatredufil.fr\/index.php\/spectacles-pour-enfants\/"]}]},{"@type":"BreadcrumbList","@id":"https:\/\/theatredufil.fr\/index.php\/spectacles-pour-enfants\/#breadcrumb","itemListElement":[{"@type":"ListItem","position":1,"name":"Accueil","item":"https:\/\/theatredufil.fr\/"},{"@type":"ListItem","position":2,"name":"spectacles pour enfants"}]},{"@type":"WebSite","@id":"https:\/\/theatredufil.fr\/#website","url":"https:\/\/theatredufil.fr\/","name":"Th\u00e9\u00e2tre du Fil","description":"&quot;La marge fait partie de la page&quot;","publisher":{"@id":"https:\/\/theatredufil.fr\/#organization"},"potentialAction":[{"@type":"SearchAction","target":{"@type":"EntryPoint","urlTemplate":"https:\/\/theatredufil.fr\/?s={search_term_string}"},"query-input":"required name=search_term_string"}],"inLanguage":"fr-FR"},{"@type":"Organization","@id":"https:\/\/theatredufil.fr\/#organization","name":"Th\u00e9\u00e2tre du Fil","url":"https:\/\/theatredufil.fr\/","logo":{"@type":"ImageObject","inLanguage":"fr-FR","@id":"https:\/\/theatredufil.fr\/#\/schema\/logo\/image\/","url":"https:\/\/theatredufil.fr\/wp-content\/uploads\/2023\/09\/2022-TDF-PARAY-LOGO-OK.jpg","contentUrl":"https:\/\/theatredufil.fr\/wp-content\/uploads\/2023\/09\/2022-TDF-PARAY-LOGO-OK.jpg","width":482,"height":364,"caption":"Th\u00e9\u00e2tre du Fil"},"image":{"@id":"https:\/\/theatredufil.fr\/#\/schema\/logo\/image\/"},"sameAs":["https:\/\/www.facebook.com\/theatredufil\/?locale=fr_FR","https:\/\/www.instagram.com\/cietheatredufil\/"]}]}},"_links":{"self":[{"href":"https:\/\/theatredufil.fr\/index.php\/wp-json\/wp\/v2\/pages\/2828","targetHints":{"allow":["GET"]}}],"collection":[{"href":"https:\/\/theatredufil.fr\/index.php\/wp-json\/wp\/v2\/pages"}],"about":[{"href":"https:\/\/theatredufil.fr\/index.php\/wp-json\/wp\/v2\/types\/page"}],"author":[{"embeddable":true,"href":"https:\/\/theatredufil.fr\/index.php\/wp-json\/wp\/v2\/users\/1"}],"replies":[{"embeddable":true,"href":"https:\/\/theatredufil.fr\/index.php\/wp-json\/wp\/v2\/comments?post=2828"}],"version-history":[{"count":8,"href":"https:\/\/theatredufil.fr\/index.php\/wp-json\/wp\/v2\/pages\/2828\/revisions"}],"predecessor-version":[{"id":2839,"href":"https:\/\/theatredufil.fr\/index.php\/wp-json\/wp\/v2\/pages\/2828\/revisions\/2839"}],"wp:attachment":[{"href":"https:\/\/theatredufil.fr\/index.php\/wp-json\/wp\/v2\/media?parent=2828"}],"curies":[{"name":"wp","href":"https:\/\/api.w.org\/{rel}","templated":true}]}}